{"id":26702,"date":"2022-11-23T01:44:08","date_gmt":"2022-11-22T22:44:08","guid":{"rendered":"https:\/\/anatolianeagle.tr\/?page_id=26702"},"modified":"2025-05-05T22:57:37","modified_gmt":"2025-05-05T19:57:37","slug":"about-us","status":"publish","type":"page","link":"https:\/\/anatolianeagle.tr\/tr\/about-us\/","title":{"rendered":"KURUMSAL"},"content":{"rendered":"\t\t<div data-elementor-type=\"wp-page\" data-elementor-id=\"26702\" class=\"elementor elementor-26702\" data-elementor-post-type=\"page\">\n\t\t\t\t<div class=\"elementor-element elementor-element-7ca747d e-flex e-con-boxed e-con e-parent\" data-id=\"7ca747d\" data-element_type=\"container\" data-settings=\"{&quot;background_background&quot;:&quot;classic&quot;}\">\n\t\t\t\t\t<div class=\"e-con-inner\">\n\t\t\t\t\t<\/div>\n\t\t\t\t<\/div>\n\t\t<div class=\"elementor-element elementor-element-5455829 e-flex e-con-boxed elementor-invisible e-con e-parent\" data-id=\"5455829\" data-element_type=\"container\" data-settings=\"{&quot;animation&quot;:&quot;zoomIn&quot;}\">\n\t\t\t\t\t<div class=\"e-con-inner\">\n\t\t<div class=\"elementor-element elementor-element-c5f3fc6 e-con-full e-flex e-con e-child\" data-id=\"c5f3fc6\" data-element_type=\"container\">\n\t\t\t\t<div class=\"elementor-element elementor-element-d2a3608 elementor-widget elementor-widget-heading\" data-id=\"d2a3608\" data-element_type=\"widget\" data-widget_type=\"heading.default\">\n\t\t\t\t<div class=\"elementor-widget-container\">\n\t\t\t\t\t<h2 class=\"elementor-heading-title elementor-size-default\"><strong><span style=\"color: #e30613\">Anatolian Eagle | <\/span><\/strong>G\u00fcc\u00fc Hisset<\/h2>\t\t\t\t<\/div>\n\t\t\t\t<\/div>\n\t\t\t\t<div class=\"elementor-element elementor-element-d3fe318 elementor-widget__width-initial elementor-widget elementor-widget-bzotech-heading-global\" data-id=\"d3fe318\" data-element_type=\"widget\" data-widget_type=\"bzotech-heading-global.default\">\n\t\t\t\t<div class=\"elementor-widget-container\">\n\t\t\t\t\t<div class=\"elbzotech-text-editor-global text-css-e \"><p>\u00dcst\u00fcn tasar\u0131m, dayan\u0131kl\u0131l\u0131k ve kusursuz performansla avc\u0131l\u0131k ve savunmada fark yarat\u0131n. Hassas i\u015f\u00e7ilik ve yenilik\u00e7i teknolojiyle \u00fcretilen \u00fcr\u00fcnlerimizle g\u00fcc\u00fcn\u00fcz\u00fc ke\u015ffedin, hedefinize emin ad\u0131mlarla ilerleyin!<\/p><\/div>\t\t\t\t<\/div>\n\t\t\t\t<\/div>\n\t\t\t\t<\/div>\n\t\t\t\t\t<\/div>\n\t\t\t\t<\/div>\n\t\t<div class=\"elementor-element elementor-element-e87d6b1 e-flex e-con-boxed e-con e-parent\" data-id=\"e87d6b1\" data-element_type=\"container\">\n\t\t\t\t\t<div class=\"e-con-inner\">\n\t\t<div class=\"elementor-element elementor-element-8fa7afe e-con-full e-flex e-con e-child\" data-id=\"8fa7afe\" data-element_type=\"container\">\n\t\t\t\t<div class=\"elementor-element elementor-element-49bc46e elementor-widget elementor-widget-bzotech-heading-global\" data-id=\"49bc46e\" data-element_type=\"widget\" data-widget_type=\"bzotech-heading-global.default\">\n\t\t\t\t<div class=\"elementor-widget-container\">\n\t\t\t\t\t<div class=\"elbzotech-text-editor-global text-css-e \"><p>Geleneksel ustal\u0131\u011f\u0131n ince i\u015f\u00e7ili\u011fini modern teknolojinin g\u00fcc\u00fcyle birle\u015ftirerek, av t\u00fcfe\u011fi \u00fcretiminde kaliteyi zirveye ta\u015f\u0131yoruz. Bey\u015fehir&#8217;de faaliyet g\u00f6steren Anadolu Kartal\u0131, tecr\u00fcbesi ve yenilik\u00e7i yakla\u015f\u0131m\u0131yla avc\u0131l\u0131k tutkunlar\u0131na g\u00fcvenilir, dayan\u0131kl\u0131 ve y\u00fcksek performansl\u0131 silahlar sunuyor.<\/p><p>Geni\u015f \u00fcr\u00fcn yelpazemizle av t\u00fcfe\u011fi modelleri, yedek par\u00e7alar\u0131 ve aksesuarlar\u0131 \u00fcretiyoruz. \u00dcretim s\u00fcrecimizde, el i\u015f\u00e7ili\u011finin gerektirdi\u011fi hassasiyetle \u00e7al\u0131\u015fan usta zanaatkarlar\u0131m\u0131z\u0131n eme\u011fini, son teknoloji makine ve ekipmanlarla destekliyoruz. B\u00f6ylece hem gelene\u011fi ya\u015fat\u0131yor hem de kaliteyi en \u00fcst seviyeye ta\u015f\u0131yoruz.<\/p><p>\u00dcr\u00fcnlerimiz ba\u015fta ABD ve Avrupa olmak \u00fczere onlarca \u00fclkeye ihra\u00e7 ediliyor ve d\u00fcnya \u00e7ap\u0131nda avc\u0131l\u0131k tutkunlar\u0131 taraf\u0131ndan tercih ediliyor.<\/p><p>Y\u00fcksek kalite standartlar\u0131m\u0131z sayesinde, t\u00fcfeklerimizin her biri dayan\u0131kl\u0131l\u0131\u011f\u0131, g\u00fcvenilirli\u011fi ve hassasiyetiyle \u00f6ne \u00e7\u0131k\u0131yor. Malzeme se\u00e7iminden montaj\u0131na, testlerinden son kontrol\u00fcne kadar titizlikle y\u00fcr\u00fctt\u00fc\u011f\u00fcm\u00fcz \u00fcretim s\u00fcrecimiz, kullan\u0131c\u0131lar\u0131m\u0131za her ko\u015fulda \u00fcst\u00fcn performans sunan silahlar sunuyor.<\/p><\/div>\t\t\t\t<\/div>\n\t\t\t\t<\/div>\n\t\t\t\t<\/div>\n\t\t<div class=\"elementor-element elementor-element-83aa819 e-con-full e-flex e-con e-child\" data-id=\"83aa819\" data-element_type=\"container\">\n\t\t\t\t<\/div>\n\t\t\t\t\t<\/div>\n\t\t\t\t<\/div>\n\t\t\t\t<\/div>\n\t\t","protected":false},"excerpt":{"rendered":"<p>Anatolian Eagle | G\u00fcc\u00fc Hisset \u00dcst\u00fcn tasar\u0131m, dayan\u0131kl\u0131l\u0131k ve kusursuz performansla avc\u0131l\u0131k ve savunmada fark yarat\u0131n. Hassas i\u015f\u00e7ilik ve yenilik\u00e7i teknolojiyle \u00fcretilen \u00fcr\u00fcnlerimizle g\u00fcc\u00fcn\u00fcz\u00fc ke\u015ffedin, hedefinize emin ad\u0131mlarla ilerleyin! Geleneksel ustal\u0131\u011f\u0131n ince i\u015f\u00e7ili\u011fini modern teknolojinin g\u00fcc\u00fcyle birle\u015ftirerek, av t\u00fcfe\u011fi \u00fcretiminde kaliteyi zirveye ta\u015f\u0131yoruz. Bey\u015fehir\u2019de faaliyet g\u00f6steren Anadolu Kartal\u0131, tecr\u00fcbesi ve yenilik\u00e7i yakla\u015f\u0131m\u0131yla avc\u0131l\u0131k tutkunlar\u0131na g\u00fcvenilir, [&hellip;]<\/p>\n","protected":false},"author":1,"featured_media":0,"parent":0,"menu_order":0,"comment_status":"closed","ping_status":"closed","template":"elementor-template.php","meta":{"_acf_changed":false,"footnotes":""},"class_list":["post-26702","page","type-page","status-publish","hentry"],"acf":[],"_links":{"self":[{"href":"https:\/\/anatolianeagle.tr\/tr\/wp-json\/wp\/v2\/pages\/26702","targetHints":{"allow":["GET"]}}],"collection":[{"href":"https:\/\/anatolianeagle.tr\/tr\/wp-json\/wp\/v2\/pages"}],"about":[{"href":"https:\/\/anatolianeagle.tr\/tr\/wp-json\/wp\/v2\/types\/page"}],"author":[{"embeddable":true,"href":"https:\/\/anatolianeagle.tr\/tr\/wp-json\/wp\/v2\/users\/1"}],"replies":[{"embeddable":true,"href":"https:\/\/anatolianeagle.tr\/tr\/wp-json\/wp\/v2\/comments?post=26702"}],"version-history":[{"count":8,"href":"https:\/\/anatolianeagle.tr\/tr\/wp-json\/wp\/v2\/pages\/26702\/revisions"}],"predecessor-version":[{"id":26760,"href":"https:\/\/anatolianeagle.tr\/tr\/wp-json\/wp\/v2\/pages\/26702\/revisions\/26760"}],"wp:attachment":[{"href":"https:\/\/anatolianeagle.tr\/tr\/wp-json\/wp\/v2\/media?parent=26702"}],"curies":[{"name":"wp","href":"https:\/\/api.w.org\/{rel}","templated":true}]}}